{"id":778,"date":"2025-09-16T14:24:08","date_gmt":"2025-09-16T14:24:08","guid":{"rendered":"https:\/\/culturadeagua.ayst.gob.mx\/index.php\/cerca-de-ti\/"},"modified":"2025-09-16T14:24:10","modified_gmt":"2025-09-16T14:24:10","slug":"cerca-de-ti","status":"publish","type":"page","link":"https:\/\/culturadeagua.ayst.gob.mx\/index.php\/cerca-de-ti\/","title":{"rendered":"Cerca de ti"},"content":{"rendered":"\n  \n    <section class=\"u-align-center u-clearfix u-container-align-center u-section-1\" id=\"block-2\">\n      <div class=\"u-clearfix u-sheet u-valign-middle-lg u-valign-middle-md u-valign-middle-sm u-valign-middle-xs u-sheet-1\">\n        <h2 class=\"u-align-center u-text u-text-default u-text-1\">Cerca de ti<\/h2>\n        <p class=\"u-align-left u-text u-text-default u-text-2\"> 1 Pl\u00e1tica de concientizaci\u00f3n en la empresa General Motors\nsede Toluca.&nbsp;<br>2 Taller de Fontaner\u00eda Rosa en San Pablo Autopan.<br>3 Evento D\u00eda de Reyes en parque Alameda Norte.<br>4 Taller de fontaner\u00eda rosa en Santa Cruz Atzcapotzaltongo.<br>5 Ruta por el agua en la Real de San Pablo.<br>6 Evento pl\u00e1tica con ni\u00f1os en San Pedro Totoltepec.&nbsp;<br>7 Taller de fontaner\u00eda Rosa en la colonia Guadalupe.\n        <\/p>\n      <\/div>\n    <\/section>\n    \n    \n    \n    \n  \n","protected":false},"excerpt":{"rendered":"<p>Cerca de ti 1 Pl\u00e1tica de concientizaci\u00f3n en la empresa General Motors sede Toluca.&nbsp;2 Taller de Fontaner\u00eda Rosa en San Pablo Autopan.3 Evento D\u00eda de Reyes en parque Alameda Norte.4 Taller de fontaner\u00eda rosa en Santa Cruz Atzcapotzaltongo.5 Ruta por el agua en la Real de San Pablo.6 Evento pl\u00e1tica con ni\u00f1os en San Pedro &hellip; <a href=\"https:\/\/culturadeagua.ayst.gob.mx\/index.php\/cerca-de-ti\/\" class=\"more-link\">Continue reading<span class=\"screen-reader-text\"> &#8220;Cerca de ti&#8221;<\/span><\/a><\/p>\n","protected":false},"author":2,"featured_media":0,"parent":0,"menu_order":10,"comment_status":"closed","ping_status":"closed","template":"","meta":{"footnotes":""},"class_list":["post-778","page","type-page","status-publish","hentry"],"_links":{"self":[{"href":"https:\/\/culturadeagua.ayst.gob.mx\/index.php\/wp-json\/wp\/v2\/pages\/778","targetHints":{"allow":["GET"]}}],"collection":[{"href":"https:\/\/culturadeagua.ayst.gob.mx\/index.php\/wp-json\/wp\/v2\/pages"}],"about":[{"href":"https:\/\/culturadeagua.ayst.gob.mx\/index.php\/wp-json\/wp\/v2\/types\/page"}],"author":[{"embeddable":true,"href":"https:\/\/culturadeagua.ayst.gob.mx\/index.php\/wp-json\/wp\/v2\/users\/2"}],"replies":[{"embeddable":true,"href":"https:\/\/culturadeagua.ayst.gob.mx\/index.php\/wp-json\/wp\/v2\/comments?post=778"}],"version-history":[{"count":1,"href":"https:\/\/culturadeagua.ayst.gob.mx\/index.php\/wp-json\/wp\/v2\/pages\/778\/revisions"}],"predecessor-version":[{"id":796,"href":"https:\/\/culturadeagua.ayst.gob.mx\/index.php\/wp-json\/wp\/v2\/pages\/778\/revisions\/796"}],"wp:attachment":[{"href":"https:\/\/culturadeagua.ayst.gob.mx\/index.php\/wp-json\/wp\/v2\/media?parent=778"}],"curies":[{"name":"wp","href":"https:\/\/api.w.org\/{rel}","templated":true}]}}